{"id":1128,"date":"2023-09-05T15:19:14","date_gmt":"2023-09-05T13:19:14","guid":{"rendered":"http:\/\/m.bckarate.fr\/?page_id=1128"},"modified":"2023-09-07T15:23:58","modified_gmt":"2023-09-07T13:23:58","slug":"le-karate-feminin","status":"publish","type":"page","link":"https:\/\/bckarate.fr\/index.php\/le-karate-feminin\/","title":{"rendered":"Le karat\u00e9 f\u00e9minin"},"content":{"rendered":"[et_pb_section fb_built=\u00a0\u00bb1&Prime; next_background_color=\u00a0\u00bb#ffffff\u00a0\u00bb _builder_version=\u00a0\u00bb4.22.1&Prime; _module_preset=\u00a0\u00bbdefault\u00a0\u00bb background_enable_color=\u00a0\u00bboff\u00a0\u00bb use_background_color_gradient=\u00a0\u00bbon\u00a0\u00bb background_color_gradient_stops=\u00a0\u00bbrgba(10,1,1,0.25) 0%|rgba(10,1,1,0.42) 100%\u00a0\u00bb background_color_gradient_overlays_image=\u00a0\u00bbon\u00a0\u00bb background_image=\u00a0\u00bbhttp:\/\/m.bckarate.fr\/wp-content\/uploads\/2023\/09\/karate-feminin.jpeg\u00a0\u00bb bottom_divider_style=\u00a0\u00bbwaves2&Prime; animation_style=\u00a0\u00bbfade\u00a0\u00bb hover_enabled=\u00a0\u00bb0&Prime; global_colors_info=\u00a0\u00bb{}\u00a0\u00bb background_size=\u00a0\u00bbcontain\u00a0\u00bb background_position=\u00a0\u00bbtop_left\u00a0\u00bb sticky_enabled=\u00a0\u00bb0&Prime;][et_pb_row _builder_version=\u00a0\u00bb4.22.1&Prime; _module_preset=\u00a0\u00bbdefault\u00a0\u00bb global_colors_info=\u00a0\u00bb{}\u00a0\u00bb][et_pb_column type=\u00a0\u00bb4_4&Prime; _builder_version=\u00a0\u00bb4.22.1&Prime; _module_preset=\u00a0\u00bbdefault\u00a0\u00bb global_colors_info=\u00a0\u00bb{}\u00a0\u00bb][et_pb_text _builder_version=\u00a0\u00bb4.22.1&Prime; _module_preset=\u00a0\u00bbdefault\u00a0\u00bb header_font=\u00a0\u00bb|||on|||||\u00a0\u00bb header_text_align=\u00a0\u00bbcenter\u00a0\u00bb header_font_size=\u00a0\u00bb46px\u00a0\u00bb animation_style=\u00a0\u00bbslide\u00a0\u00bb hover_transition_speed_curve=\u00a0\u00bbease-in-out\u00a0\u00bb scroll_horizontal_motion=\u00a0\u00bb50|50|50|100|4|0|-4&Prime; header_text_shadow_style=\u00a0\u00bbpreset1&Prime; global_colors_info=\u00a0\u00bb{}\u00a0\u00bb]<h1><strong>Le Karat\u00e9 f\u00e9minin<\/strong><\/h1>[\/et_pb_text][et_pb_text _builder_version=\u00a0\u00bb4.22.1&Prime; _module_preset=\u00a0\u00bbdefault\u00a0\u00bb text_text_color=\u00a0\u00bb#FFFFFF\u00a0\u00bb global_colors_info=\u00a0\u00bb{}\u00a0\u00bb]<p><\/p>\n<p>Mesdames, avez-vous d\u00e9j\u00e0 envisag\u00e9 de rejoindre notre club de karat\u00e9 ? Le karat\u00e9 est bien plus qu&rsquo;un art martial, c&rsquo;est un moyen formidable de cultiver la confiance en soi, la force int\u00e9rieure et la sant\u00e9 physique, le tout dans un environnement amical et bienveillant.<\/p>\n<p> <\/p>\n<h2><strong>D\u00e9couvrez la puissance int\u00e9rieure en vous gr\u00e2ce au Karat\u00e9 !<\/strong><\/h2>\n<p> <\/p>\n<h3><strong>Les avantages du karat\u00e9 pour les femmes :<\/strong><\/h3>\n<ol>\n<ol><\/ol>\n<\/ol>\n<ul>\n<li><strong>Confiance en soi renforc\u00e9e<\/strong> : Le karat\u00e9 vous permettra de d\u00e9velopper une confiance en vous in\u00e9branlable, vous donnant la certitude que vous pouvez faire face \u00e0 toutes les situations.<\/li>\n<li><strong>Condition physique optimis\u00e9e<\/strong> : Les mouvements et les techniques du karat\u00e9 am\u00e9liorent la flexibilit\u00e9, la force et l&rsquo;endurance, vous aidant \u00e0 maintenir une excellente forme physique.<\/li>\n<li><strong>Self-d\u00e9fense efficace<\/strong> : Vous apprendrez des comp\u00e9tences essentielles pour vous prot\u00e9ger et prot\u00e9ger vos proches, vous offrant une tranquillit\u00e9 d&rsquo;esprit pr\u00e9cieuse.<\/li>\n<li><strong>Stress et gestion des \u00e9motions<\/strong> : Le karat\u00e9 vous aide \u00e0 g\u00e9rer le stress quotidien en vous permettant de vous \u00e9vader de la routine et de vous concentrer sur l&rsquo;instant pr\u00e9sent.<\/li>\n<li><strong>Communaut\u00e9 solidaire<\/strong> : Rejoindre notre club de karat\u00e9 signifie devenir membre d&rsquo;une communaut\u00e9 o\u00f9 le soutien, le respect mutuel et l&rsquo;amiti\u00e9 sont au c\u0153ur de tout ce que nous faisons.<\/li>\n<\/ul>\n<p><\/p>\n<p> <\/p>\n<p>Peu importe votre \u00e2ge, votre niveau de forme physique ou votre exp\u00e9rience pr\u00e9alable en arts martiaux, le karat\u00e9 est une aventure passionnante qui vous aidera \u00e0 r\u00e9aliser votre potentiel. Rejoignez-nous aujourd&rsquo;hui et commencez votre voyage vers une vie plus saine, plus confiante et plus forte !<\/p>\n<p> <\/p>\n<p><strong>Inscrivez-vous d\u00e8s maintenant pour votre premi\u00e8re s\u00e9ance d&rsquo;essai gratuite.<\/strong> N&rsquo;h\u00e9sitez pas \u00e0 nous contacter pour plus d&rsquo;informations sur nos horaires de cours, nos tarifs et nos instructeurs d\u00e9vou\u00e9s.<\/p>\n<p><\/p>[\/et_pb_text][\/et_pb_column][\/et_pb_row][et_pb_row column_structure=\u00a0\u00bb1_3,1_3,1_3&Prime; _builder_version=\u00a0\u00bb4.22.1&Prime; _module_preset=\u00a0\u00bbdefault\u00a0\u00bb global_colors_info=\u00a0\u00bb{}\u00a0\u00bb][et_pb_column type=\u00a0\u00bb1_3&Prime; _builder_version=\u00a0\u00bb4.22.1&Prime; _module_preset=\u00a0\u00bbdefault\u00a0\u00bb global_colors_info=\u00a0\u00bb{}\u00a0\u00bb][et_pb_image src=\u00a0\u00bbhttp:\/\/m.bckarate.fr\/wp-content\/uploads\/2023\/09\/ffk-karate-femme.jpg\u00a0\u00bb title_text=\u00a0\u00bbffk-karate-femme\u00a0\u00bb _builder_version=\u00a0\u00bb4.22.1&Prime; _module_preset=\u00a0\u00bbdefault\u00a0\u00bb animation_style=\u00a0\u00bbfold\u00a0\u00bb border_radii=\u00a0\u00bbon|20px|20px|20px|20px\u00a0\u00bb box_shadow_style=\u00a0\u00bbpreset2&Prime; box_shadow_horizontal=\u00a0\u00bb8px\u00a0\u00bb global_colors_info=\u00a0\u00bb{}\u00a0\u00bb][\/et_pb_image][\/et_pb_column][et_pb_column type=\u00a0\u00bb1_3&Prime; _builder_version=\u00a0\u00bb4.22.1&Prime; _module_preset=\u00a0\u00bbdefault\u00a0\u00bb global_colors_info=\u00a0\u00bb{}\u00a0\u00bb][et_pb_image src=\u00a0\u00bbhttp:\/\/m.bckarate.fr\/wp-content\/uploads\/2023\/09\/Aujourd-Federation-francaise-karate-revendique-plus-30-pratiquantes-chiffre-constante-augmentation_0.webp\u00a0\u00bb title_text=\u00a0\u00bbAujourd-Federation-francaise-karate-revendique-plus-30-pratiquantes-chiffre-constante-augmentation_0&Prime; _builder_version=\u00a0\u00bb4.22.1&Prime; _module_preset=\u00a0\u00bbdefault\u00a0\u00bb animation_style=\u00a0\u00bbfold\u00a0\u00bb border_radii=\u00a0\u00bbon|20px|20px|20px|20px\u00a0\u00bb box_shadow_style=\u00a0\u00bbpreset2&Prime; box_shadow_horizontal=\u00a0\u00bb8px\u00a0\u00bb global_colors_info=\u00a0\u00bb{}\u00a0\u00bb][\/et_pb_image][et_pb_image src=\u00a0\u00bbhttp:\/\/m.bckarate.fr\/wp-content\/uploads\/2023\/09\/file.png.webp\u00a0\u00bb title_text=\u00a0\u00bbfile.png\u00a0\u00bb _builder_version=\u00a0\u00bb4.22.1&Prime; _module_preset=\u00a0\u00bbdefault\u00a0\u00bb animation_style=\u00a0\u00bbfold\u00a0\u00bb border_radii=\u00a0\u00bbon|20px|20px|20px|20px\u00a0\u00bb box_shadow_style=\u00a0\u00bbpreset2&Prime; box_shadow_horizontal=\u00a0\u00bb8px\u00a0\u00bb global_colors_info=\u00a0\u00bb{}\u00a0\u00bb][\/et_pb_image][\/et_pb_column][et_pb_column type=\u00a0\u00bb1_3&Prime; _builder_version=\u00a0\u00bb4.22.1&Prime; _module_preset=\u00a0\u00bbdefault\u00a0\u00bb global_colors_info=\u00a0\u00bb{}\u00a0\u00bb][\/et_pb_column][\/et_pb_row][\/et_pb_section]","protected":false},"excerpt":{"rendered":"<p>Le Karat\u00e9 f\u00e9minin Mesdames, avez-vous d\u00e9j\u00e0 envisag\u00e9 de rejoindre notre club de karat\u00e9 ? Le karat\u00e9 est bien plus qu&rsquo;un art martial, c&rsquo;est un moyen formidable de cultiver la confiance en soi, la force int\u00e9rieure et la sant\u00e9 physique, le tout dans un environnement amical et bienveillant. D\u00e9couvrez la puissance int\u00e9rieure en vous gr\u00e2ce au [&hellip;]<\/p>\n","protected":false},"author":1,"featured_media":0,"parent":0,"menu_order":0,"comment_status":"closed","ping_status":"closed","template":"","meta":{"_et_pb_use_builder":"on","_et_pb_old_content":"","_et_gb_content_width":"","footnotes":""},"class_list":["post-1128","page","type-page","status-publish","hentry"],"yoast_head":"<!-- This site is optimized with the Yoast SEO plugin v27.4 - https:\/\/yoast.com\/product\/yoast-seo-wordpress\/ -->\n<title>Le karat\u00e9 f\u00e9minin - BCKarat\u00e9<\/title>\n<meta name=\"robots\" content=\"index, follow, max-snippet:-1, max-image-preview:large, max-video-preview:-1\" \/>\n<link rel=\"canonical\" href=\"https:\/\/bckarate.fr\/index.php\/le-karate-feminin\/\" \/>\n<meta property=\"og:locale\" content=\"fr_FR\" \/>\n<meta property=\"og:type\" content=\"article\" \/>\n<meta property=\"og:title\" content=\"Le karat\u00e9 f\u00e9minin - BCKarat\u00e9\" \/>\n<meta property=\"og:description\" content=\"Le Karat\u00e9 f\u00e9minin Mesdames, avez-vous d\u00e9j\u00e0 envisag\u00e9 de rejoindre notre club de karat\u00e9 ? Le karat\u00e9 est bien plus qu&#039;un art martial, c&#039;est un moyen formidable de cultiver la confiance en soi, la force int\u00e9rieure et la sant\u00e9 physique, le tout dans un environnement amical et bienveillant. D\u00e9couvrez la puissance int\u00e9rieure en vous gr\u00e2ce au [&hellip;]\" \/>\n<meta property=\"og:url\" content=\"https:\/\/bckarate.fr\/index.php\/le-karate-feminin\/\" \/>\n<meta property=\"og:site_name\" content=\"BCKarat\u00e9\" \/>\n<meta property=\"article:publisher\" content=\"https:\/\/www.facebook.com\/BudoCiotadenKarate\" \/>\n<meta property=\"article:modified_time\" content=\"2023-09-07T13:23:58+00:00\" \/>\n<meta name=\"twitter:card\" content=\"summary_large_image\" \/>\n<meta name=\"twitter:label1\" content=\"Dur\u00e9e de lecture estim\u00e9e\" \/>\n\t<meta name=\"twitter:data1\" content=\"3 minutes\" \/>\n<script type=\"application\/ld+json\" class=\"yoast-schema-graph\">{\"@context\":\"https:\\\/\\\/schema.org\",\"@graph\":[{\"@type\":\"WebPage\",\"@id\":\"https:\\\/\\\/bckarate.fr\\\/index.php\\\/le-karate-feminin\\\/\",\"url\":\"https:\\\/\\\/bckarate.fr\\\/index.php\\\/le-karate-feminin\\\/\",\"name\":\"Le karat\u00e9 f\u00e9minin - BCKarat\u00e9\",\"isPartOf\":{\"@id\":\"https:\\\/\\\/bckarate.fr\\\/#website\"},\"datePublished\":\"2023-09-05T13:19:14+00:00\",\"dateModified\":\"2023-09-07T13:23:58+00:00\",\"breadcrumb\":{\"@id\":\"https:\\\/\\\/bckarate.fr\\\/index.php\\\/le-karate-feminin\\\/#breadcrumb\"},\"inLanguage\":\"fr-FR\",\"potentialAction\":[{\"@type\":\"ReadAction\",\"target\":[\"https:\\\/\\\/bckarate.fr\\\/index.php\\\/le-karate-feminin\\\/\"]}]},{\"@type\":\"BreadcrumbList\",\"@id\":\"https:\\\/\\\/bckarate.fr\\\/index.php\\\/le-karate-feminin\\\/#breadcrumb\",\"itemListElement\":[{\"@type\":\"ListItem\",\"position\":1,\"name\":\"Accueil\",\"item\":\"https:\\\/\\\/bckarate.fr\\\/\"},{\"@type\":\"ListItem\",\"position\":2,\"name\":\"Le karat\u00e9 f\u00e9minin\"}]},{\"@type\":\"WebSite\",\"@id\":\"https:\\\/\\\/bckarate.fr\\\/#website\",\"url\":\"https:\\\/\\\/bckarate.fr\\\/\",\"name\":\"BCKarat\u00e9\",\"description\":\"Club de karat\u00e9 de La Ciotat\",\"publisher\":{\"@id\":\"https:\\\/\\\/bckarate.fr\\\/#organization\"},\"potentialAction\":[{\"@type\":\"SearchAction\",\"target\":{\"@type\":\"EntryPoint\",\"urlTemplate\":\"https:\\\/\\\/bckarate.fr\\\/?s={search_term_string}\"},\"query-input\":{\"@type\":\"PropertyValueSpecification\",\"valueRequired\":true,\"valueName\":\"search_term_string\"}}],\"inLanguage\":\"fr-FR\"},{\"@type\":\"Organization\",\"@id\":\"https:\\\/\\\/bckarate.fr\\\/#organization\",\"name\":\"BCKarat\u00e9\",\"url\":\"https:\\\/\\\/bckarate.fr\\\/\",\"logo\":{\"@type\":\"ImageObject\",\"inLanguage\":\"fr-FR\",\"@id\":\"https:\\\/\\\/bckarate.fr\\\/#\\\/schema\\\/logo\\\/image\\\/\",\"url\":\"http:\\\/\\\/m.bckarate.fr\\\/wp-content\\\/uploads\\\/2023\\\/02\\\/logo_rond_250_250px.png\",\"contentUrl\":\"http:\\\/\\\/m.bckarate.fr\\\/wp-content\\\/uploads\\\/2023\\\/02\\\/logo_rond_250_250px.png\",\"width\":250,\"height\":250,\"caption\":\"BCKarat\u00e9\"},\"image\":{\"@id\":\"https:\\\/\\\/bckarate.fr\\\/#\\\/schema\\\/logo\\\/image\\\/\"},\"sameAs\":[\"https:\\\/\\\/www.facebook.com\\\/BudoCiotadenKarate\"]}]}<\/script>\n<!-- \/ Yoast SEO plugin. -->","yoast_head_json":{"title":"Le karat\u00e9 f\u00e9minin - BCKarat\u00e9","robots":{"index":"index","follow":"follow","max-snippet":"max-snippet:-1","max-image-preview":"max-image-preview:large","max-video-preview":"max-video-preview:-1"},"canonical":"https:\/\/bckarate.fr\/index.php\/le-karate-feminin\/","og_locale":"fr_FR","og_type":"article","og_title":"Le karat\u00e9 f\u00e9minin - BCKarat\u00e9","og_description":"Le Karat\u00e9 f\u00e9minin Mesdames, avez-vous d\u00e9j\u00e0 envisag\u00e9 de rejoindre notre club de karat\u00e9 ? Le karat\u00e9 est bien plus qu'un art martial, c'est un moyen formidable de cultiver la confiance en soi, la force int\u00e9rieure et la sant\u00e9 physique, le tout dans un environnement amical et bienveillant. D\u00e9couvrez la puissance int\u00e9rieure en vous gr\u00e2ce au [&hellip;]","og_url":"https:\/\/bckarate.fr\/index.php\/le-karate-feminin\/","og_site_name":"BCKarat\u00e9","article_publisher":"https:\/\/www.facebook.com\/BudoCiotadenKarate","article_modified_time":"2023-09-07T13:23:58+00:00","twitter_card":"summary_large_image","twitter_misc":{"Dur\u00e9e de lecture estim\u00e9e":"3 minutes"},"schema":{"@context":"https:\/\/schema.org","@graph":[{"@type":"WebPage","@id":"https:\/\/bckarate.fr\/index.php\/le-karate-feminin\/","url":"https:\/\/bckarate.fr\/index.php\/le-karate-feminin\/","name":"Le karat\u00e9 f\u00e9minin - BCKarat\u00e9","isPartOf":{"@id":"https:\/\/bckarate.fr\/#website"},"datePublished":"2023-09-05T13:19:14+00:00","dateModified":"2023-09-07T13:23:58+00:00","breadcrumb":{"@id":"https:\/\/bckarate.fr\/index.php\/le-karate-feminin\/#breadcrumb"},"inLanguage":"fr-FR","potentialAction":[{"@type":"ReadAction","target":["https:\/\/bckarate.fr\/index.php\/le-karate-feminin\/"]}]},{"@type":"BreadcrumbList","@id":"https:\/\/bckarate.fr\/index.php\/le-karate-feminin\/#breadcrumb","itemListElement":[{"@type":"ListItem","position":1,"name":"Accueil","item":"https:\/\/bckarate.fr\/"},{"@type":"ListItem","position":2,"name":"Le karat\u00e9 f\u00e9minin"}]},{"@type":"WebSite","@id":"https:\/\/bckarate.fr\/#website","url":"https:\/\/bckarate.fr\/","name":"BCKarat\u00e9","description":"Club de karat\u00e9 de La Ciotat","publisher":{"@id":"https:\/\/bckarate.fr\/#organization"},"potentialAction":[{"@type":"SearchAction","target":{"@type":"EntryPoint","urlTemplate":"https:\/\/bckarate.fr\/?s={search_term_string}"},"query-input":{"@type":"PropertyValueSpecification","valueRequired":true,"valueName":"search_term_string"}}],"inLanguage":"fr-FR"},{"@type":"Organization","@id":"https:\/\/bckarate.fr\/#organization","name":"BCKarat\u00e9","url":"https:\/\/bckarate.fr\/","logo":{"@type":"ImageObject","inLanguage":"fr-FR","@id":"https:\/\/bckarate.fr\/#\/schema\/logo\/image\/","url":"http:\/\/m.bckarate.fr\/wp-content\/uploads\/2023\/02\/logo_rond_250_250px.png","contentUrl":"http:\/\/m.bckarate.fr\/wp-content\/uploads\/2023\/02\/logo_rond_250_250px.png","width":250,"height":250,"caption":"BCKarat\u00e9"},"image":{"@id":"https:\/\/bckarate.fr\/#\/schema\/logo\/image\/"},"sameAs":["https:\/\/www.facebook.com\/BudoCiotadenKarate"]}]}},"_links":{"self":[{"href":"https:\/\/bckarate.fr\/index.php\/wp-json\/wp\/v2\/pages\/1128","targetHints":{"allow":["GET"]}}],"collection":[{"href":"https:\/\/bckarate.fr\/index.php\/wp-json\/wp\/v2\/pages"}],"about":[{"href":"https:\/\/bckarate.fr\/index.php\/wp-json\/wp\/v2\/types\/page"}],"author":[{"embeddable":true,"href":"https:\/\/bckarate.fr\/index.php\/wp-json\/wp\/v2\/users\/1"}],"replies":[{"embeddable":true,"href":"https:\/\/bckarate.fr\/index.php\/wp-json\/wp\/v2\/comments?post=1128"}],"version-history":[{"count":8,"href":"https:\/\/bckarate.fr\/index.php\/wp-json\/wp\/v2\/pages\/1128\/revisions"}],"predecessor-version":[{"id":1205,"href":"https:\/\/bckarate.fr\/index.php\/wp-json\/wp\/v2\/pages\/1128\/revisions\/1205"}],"wp:attachment":[{"href":"https:\/\/bckarate.fr\/index.php\/wp-json\/wp\/v2\/media?parent=1128"}],"curies":[{"name":"wp","href":"https:\/\/api.w.org\/{rel}","templated":true}]}}