{"id":1345,"date":"2025-08-31T21:19:36","date_gmt":"2025-08-31T19:19:36","guid":{"rendered":"https:\/\/bckarate.fr\/?page_id=1345"},"modified":"2025-09-01T00:24:34","modified_gmt":"2025-08-31T22:24:34","slug":"droit-a-limage","status":"publish","type":"page","link":"https:\/\/bckarate.fr\/index.php\/droit-a-limage\/","title":{"rendered":"Droit \u00e0 l&rsquo;image"},"content":{"rendered":"<p>[et_pb_section fb_built=\u00a0\u00bb1&Prime; admin_label=\u00a0\u00bbApproach\u00a0\u00bb _builder_version=\u00a0\u00bb4.22.1&Prime; background_image=\u00a0\u00bbhttp:\/\/m.bckarate.fr\/wp-content\/uploads\/2022\/09\/fitness-coach-28.jpg\u00a0\u00bb background_size=\u00a0\u00bbcustom\u00a0\u00bb background_image_width=\u00a0\u00bb26%\u00a0\u00bb background_image_height=\u00a0\u00bb83%\u00a0\u00bb background_position=\u00a0\u00bbtop_left\u00a0\u00bb custom_padding=\u00a0\u00bb2vw||||false|false\u00a0\u00bb global_colors_info=\u00a0\u00bb{}\u00a0\u00bb][et_pb_row _builder_version=\u00a0\u00bb4.16&Prime; max_width=\u00a0\u00bb850px\u00a0\u00bb custom_margin=\u00a0\u00bb-3vw|auto||auto|false|false\u00a0\u00bb global_colors_info=\u00a0\u00bb{}\u00a0\u00bb][et_pb_column type=\u00a0\u00bb4_4&Prime; _builder_version=\u00a0\u00bb4.16&Prime; global_colors_info=\u00a0\u00bb{}\u00a0\u00bb][et_pb_text _builder_version=\u00a0\u00bb4.27.0&Prime; text_text_color=\u00a0\u00bb#000000&Prime; header_2_font=\u00a0\u00bbMontserrat|900|on||||||\u00a0\u00bb header_2_font_size=\u00a0\u00bb60px\u00a0\u00bb header_2_line_height=\u00a0\u00bb1.2em\u00a0\u00bb header_2_font_size_tablet=\u00a0\u00bb36px\u00a0\u00bb header_2_font_size_phone=\u00a0\u00bb24px\u00a0\u00bb header_2_font_size_last_edited=\u00a0\u00bbon|phone\u00a0\u00bb global_colors_info=\u00a0\u00bb{}\u00a0\u00bb]<\/p>\n<h2 itemprop=\"name\" style=\"text-align: center;\">Droit \u00e0 l&rsquo;image<\/h2>\n<p>[\/et_pb_text][et_pb_blurb image=\u00a0\u00bbhttp:\/\/m.bckarate.fr\/wp-content\/uploads\/2022\/09\/fitness-icon-purple-7.png\u00a0\u00bb icon_placement=\u00a0\u00bbleft\u00a0\u00bb image_icon_width=\u00a0\u00bb56px\u00a0\u00bb content_max_width=\u00a0\u00bb100%\u00a0\u00bb _builder_version=\u00a0\u00bb4.27.4&Prime; header_level=\u00a0\u00bbh1&Prime; header_font=\u00a0\u00bbMontserrat||||||||\u00a0\u00bb header_font_size=\u00a0\u00bb16px\u00a0\u00bb header_line_height=\u00a0\u00bb1.6em\u00a0\u00bb body_font_size=\u00a0\u00bb16px\u00a0\u00bb custom_margin=\u00a0\u00bb40px||||false|false\u00a0\u00bb animation=\u00a0\u00bboff\u00a0\u00bb body_font_size_tablet=\u00a0\u00bb15px\u00a0\u00bb body_font_size_phone=\u00a0\u00bb14px\u00a0\u00bb body_font_size_last_edited=\u00a0\u00bbon|phone\u00a0\u00bb image_max_width=\u00a0\u00bb56px\u00a0\u00bb locked=\u00a0\u00bboff\u00a0\u00bb global_colors_info=\u00a0\u00bb{}\u00a0\u00bb]<\/p>\n<p class=\"p1\"><b>Autorisation de Droit \u00e0 l\u2019Image &#8211; Informations aux Parents<\/b><b><\/b><\/p>\n<p class=\"p3\">Chers parents,<\/p>\n<p class=\"p3\">Dans le cadre des activit\u00e9s de notre club de karat\u00e9, nous aimons partager les moments forts de la vie du club \u00e0 travers des photos et des vid\u00e9os. Cela nous permet de valoriser les progr\u00e8s de nos jeunes pratiquants, de communiquer sur nos \u00e9v\u00e9nements, et de renforcer l\u2019esprit de notre communaut\u00e9.<\/p>\n<p class=\"p1\"><b>Comment cela fonctionne-t-il ?<\/b><b><\/b><\/p>\n<p class=\"p3\">Nous vous demandons votre autorisation \u00e9crite pour utiliser d\u2019\u00e9ventuelles images de votre enfant dans nos supports de communication (site web, r\u00e9seaux sociaux, affiches, etc.). Vous trouverez ci-dessous le formulaire \u00e0 t\u00e9l\u00e9charger et \u00e0 compl\u00e9ter. Une fois rempli, vous pouvez nous le renvoyer directement ou nous le remettre en main propre lors des cours.<\/p>\n<p class=\"p1\"><b>Respect de votre choix<\/b><b><\/b><\/p>\n<p class=\"p3\">Si vous pr\u00e9f\u00e9rez que votre enfant ne soit pas photographi\u00e9 ou film\u00e9, aucun souci : nous respecterons strictement votre d\u00e9cision et veillerons \u00e0 ce qu\u2019il ne figure sur aucun support de communication.<\/p>\n<p class=\"p3\">Nous vous remercions pour votre collaboration et restons \u00e0 votre disposition pour toute question suppl\u00e9mentaire.<\/p>\n<p>[\/et_pb_blurb][et_pb_blurb title=\u00a0\u00bbT\u00e9l\u00e9charger\u00a0\u00bb image=\u00a0\u00bbhttp:\/\/m.bckarate.fr\/wp-content\/uploads\/2022\/09\/fitness-icon-blue-2.png\u00a0\u00bb icon_placement=\u00a0\u00bbleft\u00a0\u00bb image_icon_width=\u00a0\u00bb56px\u00a0\u00bb content_max_width=\u00a0\u00bb100%\u00a0\u00bb _builder_version=\u00a0\u00bb4.27.4&Prime; header_level=\u00a0\u00bbh1&Prime; header_font=\u00a0\u00bbMontserrat||||||||\u00a0\u00bb header_font_size=\u00a0\u00bb16px\u00a0\u00bb header_line_height=\u00a0\u00bb1.6em\u00a0\u00bb body_font_size=\u00a0\u00bb16px\u00a0\u00bb max_width=\u00a0\u00bb560px\u00a0\u00bb custom_margin=\u00a0\u00bb40px||||false|false\u00a0\u00bb animation=\u00a0\u00bboff\u00a0\u00bb hover_enabled=\u00a0\u00bb0&Prime; body_font_size_tablet=\u00a0\u00bb15px\u00a0\u00bb body_font_size_phone=\u00a0\u00bb14px\u00a0\u00bb body_font_size_last_edited=\u00a0\u00bbon|phone\u00a0\u00bb image_max_width=\u00a0\u00bb56px\u00a0\u00bb locked=\u00a0\u00bboff\u00a0\u00bb global_colors_info=\u00a0\u00bb{}\u00a0\u00bb sticky_enabled=\u00a0\u00bb0&Prime;]<\/p>\n<p><a href=\"https:\/\/www.ffkarate.fr\/wp-content\/uploads\/2024\/08\/ATTESTATION-SUR-LHONNEUR-SPORTIF-MINEUR_ANNEXE2_2023_2024_M_2.pdf\"><span><\/span><\/a><a href=\"https:\/\/bckarate.fr\/wp-content\/uploads\/2025\/08\/Droit-a-limage-Mineurs.pdf\">Droit \u00e0 l&rsquo;image Mineurs<\/a><\/p>\n<p><a href=\"https:\/\/www.ffkarate.fr\/wp-content\/uploads\/2024\/08\/ATTESTATION-SUR-LHONNEUR-SPORTIF-MINEUR_ANNEXE2_2023_2024_M_2.pdf\"><span><\/span><\/a><a href=\"https:\/\/bckarate.fr\/wp-content\/uploads\/2025\/08\/Droit-a-limage-Majeurs.pdf\">Droit \u00e0 l&rsquo;image Majeurs<\/a><\/p>\n<p>&nbsp;<\/p>\n<p>&nbsp;<\/p>\n<p>[\/et_pb_blurb][\/et_pb_column][\/et_pb_row][\/et_pb_section]<\/p>\n","protected":false},"excerpt":{"rendered":"<p>Droit \u00e0 l&rsquo;imageAutorisation de Droit \u00e0 l\u2019Image &#8211; Informations aux Parents Chers parents, Dans le cadre des activit\u00e9s de notre club de karat\u00e9, nous aimons partager les moments forts de la vie du club \u00e0 travers des photos et des vid\u00e9os. Cela nous permet de valoriser les progr\u00e8s de nos jeunes pratiquants, de communiquer sur [&hellip;]<\/p>\n","protected":false},"author":6,"featured_media":0,"parent":0,"menu_order":0,"comment_status":"closed","ping_status":"closed","template":"","meta":{"_et_pb_use_builder":"on","_et_pb_old_content":"","_et_gb_content_width":"","footnotes":""},"class_list":["post-1345","page","type-page","status-publish","hentry"],"yoast_head":"<!-- This site is optimized with the Yoast SEO plugin v27.4 - https:\/\/yoast.com\/product\/yoast-seo-wordpress\/ -->\n<title>Droit \u00e0 l&#039;image - BCKarat\u00e9<\/title>\n<meta name=\"robots\" content=\"index, follow, max-snippet:-1, max-image-preview:large, max-video-preview:-1\" \/>\n<link rel=\"canonical\" href=\"https:\/\/bckarate.fr\/index.php\/droit-a-limage\/\" \/>\n<meta property=\"og:locale\" content=\"fr_FR\" \/>\n<meta property=\"og:type\" content=\"article\" \/>\n<meta property=\"og:title\" content=\"Droit \u00e0 l&#039;image - BCKarat\u00e9\" \/>\n<meta property=\"og:description\" content=\"Droit \u00e0 l&#039;imageAutorisation de Droit \u00e0 l\u2019Image - Informations aux Parents Chers parents, Dans le cadre des activit\u00e9s de notre club de karat\u00e9, nous aimons partager les moments forts de la vie du club \u00e0 travers des photos et des vid\u00e9os. Cela nous permet de valoriser les progr\u00e8s de nos jeunes pratiquants, de communiquer sur [&hellip;]\" \/>\n<meta property=\"og:url\" content=\"https:\/\/bckarate.fr\/index.php\/droit-a-limage\/\" \/>\n<meta property=\"og:site_name\" content=\"BCKarat\u00e9\" \/>\n<meta property=\"article:publisher\" content=\"https:\/\/www.facebook.com\/BudoCiotadenKarate\" \/>\n<meta property=\"article:modified_time\" content=\"2025-08-31T22:24:34+00:00\" \/>\n<meta name=\"twitter:card\" content=\"summary_large_image\" \/>\n<meta name=\"twitter:label1\" content=\"Dur\u00e9e de lecture estim\u00e9e\" \/>\n\t<meta name=\"twitter:data1\" content=\"1 minute\" \/>\n<script type=\"application\/ld+json\" class=\"yoast-schema-graph\">{\"@context\":\"https:\\\/\\\/schema.org\",\"@graph\":[{\"@type\":\"WebPage\",\"@id\":\"https:\\\/\\\/bckarate.fr\\\/index.php\\\/droit-a-limage\\\/\",\"url\":\"https:\\\/\\\/bckarate.fr\\\/index.php\\\/droit-a-limage\\\/\",\"name\":\"Droit \u00e0 l'image - BCKarat\u00e9\",\"isPartOf\":{\"@id\":\"https:\\\/\\\/bckarate.fr\\\/#website\"},\"datePublished\":\"2025-08-31T19:19:36+00:00\",\"dateModified\":\"2025-08-31T22:24:34+00:00\",\"breadcrumb\":{\"@id\":\"https:\\\/\\\/bckarate.fr\\\/index.php\\\/droit-a-limage\\\/#breadcrumb\"},\"inLanguage\":\"fr-FR\",\"potentialAction\":[{\"@type\":\"ReadAction\",\"target\":[\"https:\\\/\\\/bckarate.fr\\\/index.php\\\/droit-a-limage\\\/\"]}]},{\"@type\":\"BreadcrumbList\",\"@id\":\"https:\\\/\\\/bckarate.fr\\\/index.php\\\/droit-a-limage\\\/#breadcrumb\",\"itemListElement\":[{\"@type\":\"ListItem\",\"position\":1,\"name\":\"Accueil\",\"item\":\"https:\\\/\\\/bckarate.fr\\\/\"},{\"@type\":\"ListItem\",\"position\":2,\"name\":\"Droit \u00e0 l&rsquo;image\"}]},{\"@type\":\"WebSite\",\"@id\":\"https:\\\/\\\/bckarate.fr\\\/#website\",\"url\":\"https:\\\/\\\/bckarate.fr\\\/\",\"name\":\"BCKarat\u00e9\",\"description\":\"Club de karat\u00e9 de La Ciotat\",\"publisher\":{\"@id\":\"https:\\\/\\\/bckarate.fr\\\/#organization\"},\"potentialAction\":[{\"@type\":\"SearchAction\",\"target\":{\"@type\":\"EntryPoint\",\"urlTemplate\":\"https:\\\/\\\/bckarate.fr\\\/?s={search_term_string}\"},\"query-input\":{\"@type\":\"PropertyValueSpecification\",\"valueRequired\":true,\"valueName\":\"search_term_string\"}}],\"inLanguage\":\"fr-FR\"},{\"@type\":\"Organization\",\"@id\":\"https:\\\/\\\/bckarate.fr\\\/#organization\",\"name\":\"BCKarat\u00e9\",\"url\":\"https:\\\/\\\/bckarate.fr\\\/\",\"logo\":{\"@type\":\"ImageObject\",\"inLanguage\":\"fr-FR\",\"@id\":\"https:\\\/\\\/bckarate.fr\\\/#\\\/schema\\\/logo\\\/image\\\/\",\"url\":\"http:\\\/\\\/m.bckarate.fr\\\/wp-content\\\/uploads\\\/2023\\\/02\\\/logo_rond_250_250px.png\",\"contentUrl\":\"http:\\\/\\\/m.bckarate.fr\\\/wp-content\\\/uploads\\\/2023\\\/02\\\/logo_rond_250_250px.png\",\"width\":250,\"height\":250,\"caption\":\"BCKarat\u00e9\"},\"image\":{\"@id\":\"https:\\\/\\\/bckarate.fr\\\/#\\\/schema\\\/logo\\\/image\\\/\"},\"sameAs\":[\"https:\\\/\\\/www.facebook.com\\\/BudoCiotadenKarate\"]}]}<\/script>\n<!-- \/ Yoast SEO plugin. -->","yoast_head_json":{"title":"Droit \u00e0 l'image - BCKarat\u00e9","robots":{"index":"index","follow":"follow","max-snippet":"max-snippet:-1","max-image-preview":"max-image-preview:large","max-video-preview":"max-video-preview:-1"},"canonical":"https:\/\/bckarate.fr\/index.php\/droit-a-limage\/","og_locale":"fr_FR","og_type":"article","og_title":"Droit \u00e0 l'image - BCKarat\u00e9","og_description":"Droit \u00e0 l'imageAutorisation de Droit \u00e0 l\u2019Image - Informations aux Parents Chers parents, Dans le cadre des activit\u00e9s de notre club de karat\u00e9, nous aimons partager les moments forts de la vie du club \u00e0 travers des photos et des vid\u00e9os. Cela nous permet de valoriser les progr\u00e8s de nos jeunes pratiquants, de communiquer sur [&hellip;]","og_url":"https:\/\/bckarate.fr\/index.php\/droit-a-limage\/","og_site_name":"BCKarat\u00e9","article_publisher":"https:\/\/www.facebook.com\/BudoCiotadenKarate","article_modified_time":"2025-08-31T22:24:34+00:00","twitter_card":"summary_large_image","twitter_misc":{"Dur\u00e9e de lecture estim\u00e9e":"1 minute"},"schema":{"@context":"https:\/\/schema.org","@graph":[{"@type":"WebPage","@id":"https:\/\/bckarate.fr\/index.php\/droit-a-limage\/","url":"https:\/\/bckarate.fr\/index.php\/droit-a-limage\/","name":"Droit \u00e0 l'image - BCKarat\u00e9","isPartOf":{"@id":"https:\/\/bckarate.fr\/#website"},"datePublished":"2025-08-31T19:19:36+00:00","dateModified":"2025-08-31T22:24:34+00:00","breadcrumb":{"@id":"https:\/\/bckarate.fr\/index.php\/droit-a-limage\/#breadcrumb"},"inLanguage":"fr-FR","potentialAction":[{"@type":"ReadAction","target":["https:\/\/bckarate.fr\/index.php\/droit-a-limage\/"]}]},{"@type":"BreadcrumbList","@id":"https:\/\/bckarate.fr\/index.php\/droit-a-limage\/#breadcrumb","itemListElement":[{"@type":"ListItem","position":1,"name":"Accueil","item":"https:\/\/bckarate.fr\/"},{"@type":"ListItem","position":2,"name":"Droit \u00e0 l&rsquo;image"}]},{"@type":"WebSite","@id":"https:\/\/bckarate.fr\/#website","url":"https:\/\/bckarate.fr\/","name":"BCKarat\u00e9","description":"Club de karat\u00e9 de La Ciotat","publisher":{"@id":"https:\/\/bckarate.fr\/#organization"},"potentialAction":[{"@type":"SearchAction","target":{"@type":"EntryPoint","urlTemplate":"https:\/\/bckarate.fr\/?s={search_term_string}"},"query-input":{"@type":"PropertyValueSpecification","valueRequired":true,"valueName":"search_term_string"}}],"inLanguage":"fr-FR"},{"@type":"Organization","@id":"https:\/\/bckarate.fr\/#organization","name":"BCKarat\u00e9","url":"https:\/\/bckarate.fr\/","logo":{"@type":"ImageObject","inLanguage":"fr-FR","@id":"https:\/\/bckarate.fr\/#\/schema\/logo\/image\/","url":"http:\/\/m.bckarate.fr\/wp-content\/uploads\/2023\/02\/logo_rond_250_250px.png","contentUrl":"http:\/\/m.bckarate.fr\/wp-content\/uploads\/2023\/02\/logo_rond_250_250px.png","width":250,"height":250,"caption":"BCKarat\u00e9"},"image":{"@id":"https:\/\/bckarate.fr\/#\/schema\/logo\/image\/"},"sameAs":["https:\/\/www.facebook.com\/BudoCiotadenKarate"]}]}},"_links":{"self":[{"href":"https:\/\/bckarate.fr\/index.php\/wp-json\/wp\/v2\/pages\/1345","targetHints":{"allow":["GET"]}}],"collection":[{"href":"https:\/\/bckarate.fr\/index.php\/wp-json\/wp\/v2\/pages"}],"about":[{"href":"https:\/\/bckarate.fr\/index.php\/wp-json\/wp\/v2\/types\/page"}],"author":[{"embeddable":true,"href":"https:\/\/bckarate.fr\/index.php\/wp-json\/wp\/v2\/users\/6"}],"replies":[{"embeddable":true,"href":"https:\/\/bckarate.fr\/index.php\/wp-json\/wp\/v2\/comments?post=1345"}],"version-history":[{"count":6,"href":"https:\/\/bckarate.fr\/index.php\/wp-json\/wp\/v2\/pages\/1345\/revisions"}],"predecessor-version":[{"id":1355,"href":"https:\/\/bckarate.fr\/index.php\/wp-json\/wp\/v2\/pages\/1345\/revisions\/1355"}],"wp:attachment":[{"href":"https:\/\/bckarate.fr\/index.php\/wp-json\/wp\/v2\/media?parent=1345"}],"curies":[{"name":"wp","href":"https:\/\/api.w.org\/{rel}","templated":true}]}}